{"id":3,"date":"2023-11-11T08:30:56","date_gmt":"2023-11-11T08:30:56","guid":{"rendered":"https:\/\/kdgymbar.gr\/?page_id=3"},"modified":"2024-08-28T12:56:35","modified_gmt":"2024-08-28T12:56:35","slug":"privacy-policy","status":"publish","type":"page","link":"https:\/\/kdgymbar.gr\/de\/privacy-policy\/","title":{"rendered":"Privacy Policy"},"content":{"rendered":"<div data-elementor-type=\"wp-page\" data-elementor-id=\"3\" class=\"elementor elementor-3\">\n\t\t\t\t<div class=\"wd-negative-gap elementor-element elementor-element-7876bf e-flex e-con-boxed e-con e-parent\" data-id=\"7876bf\" data-element_type=\"container\">\n\t\t\t\t\t<div class=\"e-con-inner\">\n\t\t\t\t<div class=\"elementor-element elementor-element-57e3ecf5 color-scheme-inherit text-left elementor-widget elementor-widget-text-editor\" data-id=\"57e3ecf5\" data-element_type=\"widget\" data-widget_type=\"text-editor.default\">\n\t\t\t\t<div class=\"elementor-widget-container\">\n\t\t\t\t\t\t\t\t\t<!-- \/wp:paragraph --><!-- wp:heading -->\n<h1 class=\"page-title add-wide-line\"><span class=\"add-line\">Datenschutzerkl\u00e4rung<\/span><\/h1>\n<!-- \/wp:heading --><!-- wp:paragraph -->\n<p>Die Verwaltung und der Schutz der personenbezogenen Daten der Besucher\/Nutzer der Dienste von kdgymbar.gr unterliegen den Bedingungen dieses Abschnitts sowie den einschl\u00e4gigen Bestimmungen des griechischen Rechts (Gesetz Nr. 2472\/1997 zum Schutz des Einzelnen vor der Verarbeitung personenbezogener Daten, erg\u00e4nzt durch Entscheidungen des Pr\u00e4sidenten der Kommission zum Schutz personenbezogener Daten, die Pr\u00e4sidialerlasse 207\/1998 und 79\/2000 sowie Artikel 8 des Gesetzes Nr. 2819\/2000) und des europ\u00e4ischen Rechts (Richtlinien 95\/46\/EG und 97\/66\/EG).\n\nDiese Bedingungen werden unter Ber\u00fccksichtigung der rasanten Entwicklung der Technologie, insbesondere des Internets, sowie des bestehenden \u2013 wenn auch noch nicht vollst\u00e4ndig entwickelten \u2013 rechtlichen Rahmens zu diesen Themen formuliert. In diesem Zusammenhang wird jede zuk\u00fcnftige relevante Regelung Gegenstand dieses Abschnitts sein.\n\nIn jedem Fall beh\u00e4lt sich kdgymbar.gr das Recht vor, die Bedingungen zum Schutz personenbezogener Daten nach vorheriger Information der Besucher\/Nutzer und innerhalb des bestehenden oder zuk\u00fcnftigen rechtlichen Rahmens zu \u00e4ndern.<\/p>\n<!-- \/wp:paragraph --><!-- wp:paragraph --><!-- \/wp:paragraph --><!-- wp:heading -->\n<h2><strong>Die personenbezogenen Daten, die wir erheben<\/strong><\/h2>\n<!-- \/wp:heading --><!-- wp:paragraph -->\n<p>Personenbezogene Daten: Jeder Besucher kann den Online-Shop kdgymbar.gr durchsuchen, ohne pers\u00f6nliche Informationen anzugeben. Pers\u00f6nliche Daten (Ihre E-Mail-Adresse, ein Benutzername und ein Passwort) werden nur dann ben\u00f6tigt, wenn Sie eine Bestellung von Dienstleistungen oder Produkten aufgeben.<\/p>\n<p>Informationen zum Kauf von Dienstleistungen und Produkten: Die erforderlichen Angaben f\u00fcr jede Transaktion sind Ihr vollst\u00e4ndiger Name, eine Festnetztelefonnummer und eine Adresse (Stra\u00dfe, Stadt, Postleitzahl). Zus\u00e4tzlich bitten wir freiwillig um einige Angaben wie Mobiltelefonnummer (f\u00fcr den Fall, dass wir Sie direkt kontaktieren m\u00fcssen), Faxnummer und Beruf.<\/p>\n<!-- \/wp:paragraph --><!-- wp:heading -->\n<h2>Cookies<\/h2>\n<p>Unser Unternehmen verwendet Cookies, um den reibungslosen Zugriff, die Funktion und den Schutz der Website zu erleichtern sowie notwendige Verbesserungen ihres Inhalts vorzunehmen. Zum Beispiel k\u00f6nnen wir mithilfe von Cookies den Browser erkennen, mit dem Sie unsere Website besuchen, oder Ihre Navigationspr\u00e4ferenzen speichern.<\/p>\n<p>Cookies sind kleine Dateien (Textdateien), die an das jeweilige Ger\u00e4t des Nutzers gesendet und dort gespeichert werden (auf Ihrem Computer, Tablet oder Mobiltelefon). Cookies verursachen keine Sch\u00e4den an den Ger\u00e4ten der Nutzer (Computer, Tablets, Mobiltelefone) oder an den darauf gespeicherten Dateien.<\/p>\n<p>Sie sollten wissen, dass Cookies f\u00fcr das reibungslose Funktionieren unserer Website unbedingt erforderlich sind und bei jedem Verlassen unserer Seite automatisch gel\u00f6scht werden.<\/p>\n<!-- \/wp:heading --><!-- wp:paragraph --><!-- \/wp:paragraph --><!-- wp:heading -->\n<p>\u00a0<\/p>\n<!-- \/wp:paragraph --><!-- wp:heading -->\n<p>\u00a0<\/p>\n<!-- \/wp:paragraph -->\t\t\t\t\t\t\t\t<\/div>\n\t\t\t\t<\/div>\n\t\t\t\t\t<\/div>\n\t\t\t\t<\/div>\t\t<\/div>","protected":false},"excerpt":{"rendered":"<p>Privacy Policy \u2013 \u03a0\u03c1\u03bf\u03c3\u03c4\u03b1\u03c3\u03af\u03b1 \u03a0\u03c1\u03bf\u03c3\u03c9\u03c0\u03b9\u03ba\u03ce\u03bd \u03b4\u03b5\u03b4\u03bf\u03bc\u03ad\u03bd\u03c9\u03bd \u0397 \u03b4\u03b9\u03b1\u03c7\u03b5\u03af\u03c1\u03b9\u03c3\u03b7 \u03ba\u03b1\u03b9 \u03c0\u03c1\u03bf\u03c3\u03c4\u03b1\u03c3\u03af\u03b1 \u03c4\u03c9\u03bd \u03c0\u03c1\u03bf\u03c3\u03c9\u03c0\u03b9\u03ba\u03ce\u03bd \u03b4\u03b5\u03b4\u03bf\u03bc\u03ad\u03bd\u03c9\u03bd \u03c4\u03bf\u03c5 \u03b5\u03c0\u03b9\u03c3\u03ba\u03ad\u03c0\u03c4\u03b7\/ \u03c7\u03c1\u03ae\u03c3\u03c4\u03b7 \u03c4\u03c9\u03bd \u03c5\u03c0\u03b7\u03c1\u03b5\u03c3\u03b9\u03ce\u03bd \u03c4\u03bf\u03c5 kdgymbar.gr<\/p>","protected":false},"author":1,"featured_media":0,"parent":0,"menu_order":0,"comment_status":"closed","ping_status":"open","template":"","meta":{"footnotes":""},"class_list":["post-3","page","type-page","status-publish","hentry"],"yoast_head":"<!-- This site is optimized with the Yoast SEO plugin v25.1 - https:\/\/yoast.com\/wordpress\/plugins\/seo\/ -->\n<title>Privacy Policy - KDgymbar<\/title>\n<meta name=\"robots\" content=\"index, follow, max-snippet:-1, max-image-preview:large, max-video-preview:-1\" \/>\n<link rel=\"canonical\" href=\"https:\/\/kdgymbar.gr\/de\/privacy-policy\/\" \/>\n<meta property=\"og:locale\" content=\"de_DE\" \/>\n<meta property=\"og:type\" content=\"article\" \/>\n<meta property=\"og:title\" content=\"Privacy Policy - KDgymbar\" \/>\n<meta property=\"og:description\" content=\"Privacy Policy \u2013 \u03a0\u03c1\u03bf\u03c3\u03c4\u03b1\u03c3\u03af\u03b1 \u03a0\u03c1\u03bf\u03c3\u03c9\u03c0\u03b9\u03ba\u03ce\u03bd \u03b4\u03b5\u03b4\u03bf\u03bc\u03ad\u03bd\u03c9\u03bd \u0397 \u03b4\u03b9\u03b1\u03c7\u03b5\u03af\u03c1\u03b9\u03c3\u03b7 \u03ba\u03b1\u03b9 \u03c0\u03c1\u03bf\u03c3\u03c4\u03b1\u03c3\u03af\u03b1 \u03c4\u03c9\u03bd \u03c0\u03c1\u03bf\u03c3\u03c9\u03c0\u03b9\u03ba\u03ce\u03bd \u03b4\u03b5\u03b4\u03bf\u03bc\u03ad\u03bd\u03c9\u03bd \u03c4\u03bf\u03c5 \u03b5\u03c0\u03b9\u03c3\u03ba\u03ad\u03c0\u03c4\u03b7\/ \u03c7\u03c1\u03ae\u03c3\u03c4\u03b7 \u03c4\u03c9\u03bd \u03c5\u03c0\u03b7\u03c1\u03b5\u03c3\u03b9\u03ce\u03bd \u03c4\u03bf\u03c5 kdgymbar.gr\" \/>\n<meta property=\"og:url\" content=\"https:\/\/kdgymbar.gr\/de\/privacy-policy\/\" \/>\n<meta property=\"og:site_name\" content=\"KDgymbar\" \/>\n<meta property=\"article:modified_time\" content=\"2024-08-28T12:56:35+00:00\" \/>\n<meta property=\"og:image\" content=\"https:\/\/kdgymbar.gr\/wp-content\/uploads\/2025\/01\/logo-kd.png\" \/>\n\t<meta property=\"og:image:width\" content=\"696\" \/>\n\t<meta property=\"og:image:height\" content=\"696\" \/>\n\t<meta property=\"og:image:type\" content=\"image\/png\" \/>\n<meta name=\"twitter:card\" content=\"summary_large_image\" \/>\n<meta name=\"twitter:label1\" content=\"Gesch\u00e4tzte Lesezeit\" \/>\n\t<meta name=\"twitter:data1\" content=\"3\u00a0Minuten\" \/>\n<script type=\"application\/ld+json\" class=\"yoast-schema-graph\">{\"@context\":\"https:\/\/schema.org\",\"@graph\":[{\"@type\":\"WebPage\",\"@id\":\"https:\/\/kdgymbar.gr\/privacy-policy\/\",\"url\":\"https:\/\/kdgymbar.gr\/privacy-policy\/\",\"name\":\"Privacy Policy - KDgymbar\",\"isPartOf\":{\"@id\":\"https:\/\/kdgymbar.gr\/#website\"},\"datePublished\":\"2023-11-11T08:30:56+00:00\",\"dateModified\":\"2024-08-28T12:56:35+00:00\",\"breadcrumb\":{\"@id\":\"https:\/\/kdgymbar.gr\/privacy-policy\/#breadcrumb\"},\"inLanguage\":\"de\",\"potentialAction\":[{\"@type\":\"ReadAction\",\"target\":[\"https:\/\/kdgymbar.gr\/privacy-policy\/\"]}]},{\"@type\":\"BreadcrumbList\",\"@id\":\"https:\/\/kdgymbar.gr\/privacy-policy\/#breadcrumb\",\"itemListElement\":[{\"@type\":\"ListItem\",\"position\":1,\"name\":\"\u0391\u03c1\u03c7\u03b9\u03ba\u03ae\",\"item\":\"https:\/\/kdgymbar.gr\/\"},{\"@type\":\"ListItem\",\"position\":2,\"name\":\"Privacy Policy\"}]},{\"@type\":\"WebSite\",\"@id\":\"https:\/\/kdgymbar.gr\/#website\",\"url\":\"https:\/\/kdgymbar.gr\/\",\"name\":\"KDGYMBAR\",\"description\":\"fitness products\",\"publisher\":{\"@id\":\"https:\/\/kdgymbar.gr\/#organization\"},\"alternateName\":\"fitness products\",\"potentialAction\":[{\"@type\":\"SearchAction\",\"target\":{\"@type\":\"EntryPoint\",\"urlTemplate\":\"https:\/\/kdgymbar.gr\/?s={search_term_string}\"},\"query-input\":{\"@type\":\"PropertyValueSpecification\",\"valueRequired\":true,\"valueName\":\"search_term_string\"}}],\"inLanguage\":\"de\"},{\"@type\":\"Organization\",\"@id\":\"https:\/\/kdgymbar.gr\/#organization\",\"name\":\"kdgymbar\",\"alternateName\":\"fitness products\",\"url\":\"https:\/\/kdgymbar.gr\/\",\"logo\":{\"@type\":\"ImageObject\",\"inLanguage\":\"de\",\"@id\":\"https:\/\/kdgymbar.gr\/#\/schema\/logo\/image\/\",\"url\":\"https:\/\/kdgymbar.gr\/wp-content\/uploads\/2025\/01\/logo-kd.png\",\"contentUrl\":\"https:\/\/kdgymbar.gr\/wp-content\/uploads\/2025\/01\/logo-kd.png\",\"width\":696,\"height\":696,\"caption\":\"kdgymbar\"},\"image\":{\"@id\":\"https:\/\/kdgymbar.gr\/#\/schema\/logo\/image\/\"},\"sameAs\":[\"https:\/\/www.instagram.com\/srt_fitness_?igsh=b3d6cDQ0NnNtamw2\",\"https:\/\/www.youtube.com\/@kdgymbar\",\"https:\/\/www.tiktok.com\/@kdgymbar\"]}]}<\/script>\n<!-- \/ Yoast SEO plugin. -->","yoast_head_json":{"title":"Privacy Policy - KDgymbar","robots":{"index":"index","follow":"follow","max-snippet":"max-snippet:-1","max-image-preview":"max-image-preview:large","max-video-preview":"max-video-preview:-1"},"canonical":"https:\/\/kdgymbar.gr\/de\/privacy-policy\/","og_locale":"de_DE","og_type":"article","og_title":"Privacy Policy - KDgymbar","og_description":"Privacy Policy \u2013 \u03a0\u03c1\u03bf\u03c3\u03c4\u03b1\u03c3\u03af\u03b1 \u03a0\u03c1\u03bf\u03c3\u03c9\u03c0\u03b9\u03ba\u03ce\u03bd \u03b4\u03b5\u03b4\u03bf\u03bc\u03ad\u03bd\u03c9\u03bd \u0397 \u03b4\u03b9\u03b1\u03c7\u03b5\u03af\u03c1\u03b9\u03c3\u03b7 \u03ba\u03b1\u03b9 \u03c0\u03c1\u03bf\u03c3\u03c4\u03b1\u03c3\u03af\u03b1 \u03c4\u03c9\u03bd \u03c0\u03c1\u03bf\u03c3\u03c9\u03c0\u03b9\u03ba\u03ce\u03bd \u03b4\u03b5\u03b4\u03bf\u03bc\u03ad\u03bd\u03c9\u03bd \u03c4\u03bf\u03c5 \u03b5\u03c0\u03b9\u03c3\u03ba\u03ad\u03c0\u03c4\u03b7\/ \u03c7\u03c1\u03ae\u03c3\u03c4\u03b7 \u03c4\u03c9\u03bd \u03c5\u03c0\u03b7\u03c1\u03b5\u03c3\u03b9\u03ce\u03bd \u03c4\u03bf\u03c5 kdgymbar.gr","og_url":"https:\/\/kdgymbar.gr\/de\/privacy-policy\/","og_site_name":"KDgymbar","article_modified_time":"2024-08-28T12:56:35+00:00","og_image":[{"width":696,"height":696,"url":"https:\/\/kdgymbar.gr\/wp-content\/uploads\/2025\/01\/logo-kd.png","type":"image\/png"}],"twitter_card":"summary_large_image","twitter_misc":{"Gesch\u00e4tzte Lesezeit":"3\u00a0Minuten"},"schema":{"@context":"https:\/\/schema.org","@graph":[{"@type":"WebPage","@id":"https:\/\/kdgymbar.gr\/privacy-policy\/","url":"https:\/\/kdgymbar.gr\/privacy-policy\/","name":"Privacy Policy - KDgymbar","isPartOf":{"@id":"https:\/\/kdgymbar.gr\/#website"},"datePublished":"2023-11-11T08:30:56+00:00","dateModified":"2024-08-28T12:56:35+00:00","breadcrumb":{"@id":"https:\/\/kdgymbar.gr\/privacy-policy\/#breadcrumb"},"inLanguage":"de","potentialAction":[{"@type":"ReadAction","target":["https:\/\/kdgymbar.gr\/privacy-policy\/"]}]},{"@type":"BreadcrumbList","@id":"https:\/\/kdgymbar.gr\/privacy-policy\/#breadcrumb","itemListElement":[{"@type":"ListItem","position":1,"name":"\u0391\u03c1\u03c7\u03b9\u03ba\u03ae","item":"https:\/\/kdgymbar.gr\/"},{"@type":"ListItem","position":2,"name":"Privacy Policy"}]},{"@type":"WebSite","@id":"https:\/\/kdgymbar.gr\/#website","url":"https:\/\/kdgymbar.gr\/","name":"KDGYMBAR","description":"fitness products","publisher":{"@id":"https:\/\/kdgymbar.gr\/#organization"},"alternateName":"fitness products","potentialAction":[{"@type":"SearchAction","target":{"@type":"EntryPoint","urlTemplate":"https:\/\/kdgymbar.gr\/?s={search_term_string}"},"query-input":{"@type":"PropertyValueSpecification","valueRequired":true,"valueName":"search_term_string"}}],"inLanguage":"de"},{"@type":"Organization","@id":"https:\/\/kdgymbar.gr\/#organization","name":"kdgymbar","alternateName":"fitness products","url":"https:\/\/kdgymbar.gr\/","logo":{"@type":"ImageObject","inLanguage":"de","@id":"https:\/\/kdgymbar.gr\/#\/schema\/logo\/image\/","url":"https:\/\/kdgymbar.gr\/wp-content\/uploads\/2025\/01\/logo-kd.png","contentUrl":"https:\/\/kdgymbar.gr\/wp-content\/uploads\/2025\/01\/logo-kd.png","width":696,"height":696,"caption":"kdgymbar"},"image":{"@id":"https:\/\/kdgymbar.gr\/#\/schema\/logo\/image\/"},"sameAs":["https:\/\/www.instagram.com\/srt_fitness_?igsh=b3d6cDQ0NnNtamw2","https:\/\/www.youtube.com\/@kdgymbar","https:\/\/www.tiktok.com\/@kdgymbar"]}]}},"_links":{"self":[{"href":"https:\/\/kdgymbar.gr\/de\/wp-json\/wp\/v2\/pages\/3","targetHints":{"allow":["GET"]}}],"collection":[{"href":"https:\/\/kdgymbar.gr\/de\/wp-json\/wp\/v2\/pages"}],"about":[{"href":"https:\/\/kdgymbar.gr\/de\/wp-json\/wp\/v2\/types\/page"}],"author":[{"embeddable":true,"href":"https:\/\/kdgymbar.gr\/de\/wp-json\/wp\/v2\/users\/1"}],"replies":[{"embeddable":true,"href":"https:\/\/kdgymbar.gr\/de\/wp-json\/wp\/v2\/comments?post=3"}],"version-history":[{"count":4,"href":"https:\/\/kdgymbar.gr\/de\/wp-json\/wp\/v2\/pages\/3\/revisions"}],"predecessor-version":[{"id":17082,"href":"https:\/\/kdgymbar.gr\/de\/wp-json\/wp\/v2\/pages\/3\/revisions\/17082"}],"wp:attachment":[{"href":"https:\/\/kdgymbar.gr\/de\/wp-json\/wp\/v2\/media?parent=3"}],"curies":[{"name":"wp","href":"https:\/\/api.w.org\/{rel}","templated":true}]}}