{"id":19530,"date":"2025-04-07T13:31:37","date_gmt":"2025-04-07T13:31:37","guid":{"rendered":"https:\/\/kdgymbar.gr\/?page_id=19530"},"modified":"2025-04-07T13:57:28","modified_gmt":"2025-04-07T13:57:28","slug":"%cf%8c%cf%81%ce%bf%ce%b9-%cf%87%cf%81%ce%ae%cf%83%ce%b7%cf%82","status":"publish","type":"page","link":"https:\/\/kdgymbar.gr\/de\/%cf%8c%cf%81%ce%bf%ce%b9-%cf%87%cf%81%ce%ae%cf%83%ce%b7%cf%82\/","title":{"rendered":"Nutzungsbedingungen"},"content":{"rendered":"<div data-elementor-type=\"wp-page\" data-elementor-id=\"19530\" class=\"elementor elementor-19530\">\n\t\t\t\t<div class=\"wd-negative-gap elementor-element elementor-element-a52b1bf e-flex e-con-boxed e-con e-parent\" data-id=\"a52b1bf\" data-element_type=\"container\">\n\t\t\t\t\t<div class=\"e-con-inner\">\n\t\t\t\t<div class=\"elementor-element elementor-element-591c0f5 wd-width-100 elementor-widget elementor-widget-wd_title\" data-id=\"591c0f5\" data-element_type=\"widget\" data-widget_type=\"wd_title.default\">\n\t\t\t\t<div class=\"elementor-widget-container\">\n\t\t\t\t\t\t\t<div class=\"title-wrapper wd-set-mb reset-last-child wd-title-color-default wd-title-style-default wd-title-size-default text-left\">\n\n\t\t\t\n\t\t\t<div class=\"liner-continer\">\n\t\t\t\t<h4 class=\"woodmart-title-container title wd-fontsize-l\">Nutzungsbedingungen<\/h4> \n\t\t\t\t\t\t\t<\/div>\n\n\t\t\t\t\t\t\t<div class=\"title-after_title reset-last-child wd-fontsize-xs\">\n\t\t\t\t\t<p>Diese Nutzungsbedingungen (\u201eBedingungen\u201c) regeln Ihre Nutzung der Website KDgymbar.gr und der dort angebotenen Dienste. Bitte lesen Sie diese Bedingungen sorgf\u00e4ltig durch, bevor Sie die Website nutzen und einen Kauf t\u00e4tigen.Durch den Zugriff auf unsere Website oder deren Nutzung erkl\u00e4ren Sie sich mit diesen Bedingungen einverstanden. Sollten Sie mit diesen Bedingungen nicht einverstanden sein, bitten wir Sie, unsere Website nicht zu nutzen.<\/p><ol><li><strong> Annahme der Bedingungen<\/strong><\/li><\/ol><p>Indem Sie auf unsere Website zugreifen und ihre Dienste nutzen, akzeptieren Sie diese Bedingungen und unsere Richtlinien, einschlie\u00dflich der Datenschutzrichtlinie und der R\u00fcckgaberichtlinie, uneingeschr\u00e4nkt.Wir behalten uns das Recht vor, diese Bedingungen jederzeit zu \u00e4ndern oder zu aktualisieren. \u00c4nderungen werden auf dieser Seite ver\u00f6ffentlicht.<\/p><ol><li><strong> Geistige Eigentumsrechte<\/strong><\/li><\/ol><p>Alle Inhalte auf unserer Website, einschlie\u00dflich Text, Bilder, Logos, Grafiken, Designs, Videos, Software, Datenbanken und anderes Material, sind durch geistige Eigentumsrechte gesch\u00fctzt und Eigentum von KDgymbar oder seinen Partnern.Das Kopieren, Reproduzieren, \u00c4ndern oder Verteilen dieser Inhalte ohne unsere vorherige schriftliche Zustimmung ist untersagt.<\/p><ol><li><strong> Benutzerregistrierung und Kontoerstellung<\/strong><\/li><\/ol><p>Um in unserem Online-Shop bestellen zu k\u00f6nnen, m\u00fcssen Sie m\u00f6glicherweise ein Konto erstellen. Im Rahmen der Registrierung geben Sie bitte korrekte, aktuelle und vollst\u00e4ndige pers\u00f6nliche Daten an.Der Benutzer ist f\u00fcr die Wahrung der Vertraulichkeit seines Kontos und seiner Anmeldedaten (Benutzername und Passwort) verantwortlich.<\/p><ol><li><strong> Nutzung der Website<\/strong><\/li><\/ol><p>Die Nutzung unserer Website ist nur f\u00fcr rechtm\u00e4\u00dfige Zwecke und gem\u00e4\u00df den in dieser Benutzerrichtlinie festgelegten Bedingungen gestattet. Die Nutzung der Website zur Verbreitung rechtswidriger, beleidigender, diffamierender, drohender oder missbr\u00e4uchlicher Inhalte ist strengstens untersagt.<\/p><p>Es ist au\u00dferdem verboten, den Betrieb der Website zu st\u00f6ren oder zu versuchen, unbefugten Zugriff auf unsere Server oder andere mit der Website verbundene Informationen oder Systeme zu erlangen.<\/p><ol><li><strong> Verf\u00fcgbarkeit und Betrieb der Website<\/strong><\/li><\/ol><p>Wir bem\u00fchen uns um einen reibungslosen Betrieb und eine 24-Stunden-Verf\u00fcgbarkeit der Website. Wir k\u00f6nnen jedoch keinen kontinuierlichen, unterbrechungsfreien Betrieb garantieren und behalten uns das Recht vor, den Zugriff auf die Website aus Wartungs- oder anderen technischen Gr\u00fcnden ohne Vorank\u00fcndigung auszusetzen oder zu beenden.<\/p><ol><li><strong> K\u00e4ufe und Zahlungen<\/strong><\/li><\/ol><p>Bestellungen \u00fcber unsere Website unterliegen unserer Annahme und Bearbeitung. Wir behalten uns das Recht vor, eine Bestellung aus verschiedenen Gr\u00fcnden abzulehnen oder zu stornieren, z. B. aufgrund der Nichtverf\u00fcgbarkeit des Produkts, fehlerhafter Preise oder Produktbeschreibungen oder aus anderen Gr\u00fcnden im Zusammenhang mit der Bearbeitung der Bestellung.<\/p><p>Die Bezahlung der Bestellungen erfolgt \u00fcber die sicheren Zahlungsmethoden, die wir anbieten, wie Kreditkarten, Bank\u00fcberweisungen oder andere alternative Zahlungsmethoden.<\/p><ol><li><strong> Versand und Lieferung<\/strong><\/li><\/ol><p>Der Versand der Produkte erfolgt gem\u00e4\u00df den auf unserer Website w\u00e4hrend des Bestellvorgangs angegebenen Versandbedingungen und -preisen. Wir sind f\u00fcr den Versand der Bestellung an die angegebene Adresse verantwortlich, k\u00f6nnen jedoch keine Haftung f\u00fcr Verz\u00f6gerungen \u00fcbernehmen, die durch \u00e4u\u00dfere Umst\u00e4nde verursacht werden (z.\u202fB. durch den Postdienst oder schlechte Wetterbedingungen).<\/p><ol><li><strong> R\u00fcckgaben und Umtausch<\/strong><\/li><\/ol><p>Wir verfolgen eine strenge R\u00fcckgabepolitik, die in unserer R\u00fcckgaberichtlinie ausf\u00fchrlich beschrieben ist. Wenn Sie ein Produkt zur\u00fcckgeben oder umtauschen m\u00f6chten, lesen Sie bitte sorgf\u00e4ltig die Bedingungen und Verfahren f\u00fcr R\u00fcckgaben und Umtausch.<\/p><ol><li><strong> Haftung<\/strong><\/li><\/ol><p>KDgymbar haftet nicht f\u00fcr direkte, indirekte, besondere oder Folgesch\u00e4den, die sich aus der Nutzung der Website, der Unzug\u00e4nglichkeit dieser oder der Unm\u00f6glichkeit der Ausf\u00fchrung einer Bestellung ergeben, es sei denn, diese Sch\u00e4den sind auf ein unmittelbares Verschulden des Unternehmens zur\u00fcckzuf\u00fchren.<\/p><ol><li><strong> Personenbezogene Daten<\/strong><\/li><\/ol><p>Die personenbezogenen Daten, die Sie bei der Registrierung oder Bestellung angeben, sowie die Daten, die w\u00e4hrend der Nutzung der Website erfasst werden, werden gem\u00e4\u00df unserer Datenschutzrichtlinie gesch\u00fctzt. F\u00fcr weitere Informationen zur Verwendung Ihrer personenbezogenen Daten lesen Sie bitte unsere Datenschutzrichtlinie.<\/p><ol><li><strong> \u00c4nderungen der Nutzungsbedingungen<\/strong><\/li><\/ol><p>KDgymbar beh\u00e4lt sich das Recht vor, diese Nutzungsbedingungen jederzeit zu \u00e4ndern oder zu \u00fcberarbeiten. Die \u00c4nderungen werden auf dieser Seite ver\u00f6ffentlicht, und die weitere Nutzung der Website nach der \u00c4nderung der Bedingungen gilt als Zustimmung zu den neuen Bedingungen.<\/p><ol><li><strong>Transaktionssicherheit<\/strong><\/li><\/ol><p>Alle Zahlungen, die mit Karte durchgef\u00fchrt werden, erfolgen \u00fcber die elektronische Zahlungsplattform \u201eNexi XPay\u201c der Nexi Payments Greece S.A. und nutzen eine TLS 1.2-Verschl\u00fcsselung mit einem 128-Bit-Verschl\u00fcsselungsprotokoll (Secure Sockets Layer \u2013 SSL). Die Verschl\u00fcsselung ist eine Methode zur Kodierung der Informationen, bis diese den vorgesehenen Empf\u00e4nger erreichen, der sie mit dem entsprechenden Schl\u00fcssel entschl\u00fcsseln kann.<\/p><ol><li><strong> Kontakt<\/strong><\/li><\/ol><p>Bei Fragen zu diesen Nutzungsbedingungen kontaktieren Sie uns bitte per E-Mail unter info@kdgymbar.gr oder telefonisch unter 2310660299. <a href=\"tel:(+035) 527-1710-70\">2310 660299<\/a>.<\/p>\t\t\t\t<\/div>\n\t\t\t\t\t<\/div>\n\t\t\t\t\t\t<\/div>\n\t\t\t\t<\/div>\n\t\t\t\t\t<\/div>\n\t\t\t\t<\/div>\n\t\t\t\t<\/div>","protected":false},"excerpt":{"rendered":"<p>\u038c\u03c1\u03bf\u03b9 \u03c7\u03c1\u03ae\u03c3\u03b7\u03c2 \u039f\u03b9 \u03c0\u03b1\u03c1\u03cc\u03bd\u03c4\u03b5\u03c2 \u03cc\u03c1\u03bf\u03b9 \u03c7\u03c1\u03ae\u03c3\u03b7\u03c2 (&#8220;\u038c\u03c1\u03bf\u03b9&#8221;) \u03b4\u03b9\u03ad\u03c0\u03bf\u03c5\u03bd \u03c4\u03b7 \u03c7\u03c1\u03ae\u03c3\u03b7 \u03c4\u03bf\u03c5 \u03b9\u03c3\u03c4\u03bf\u03c4\u03cc\u03c0\u03bf\u03c5\u00a0 KDgymbar.gr \u03ba\u03b1\u03b9 \u03c4\u03c9\u03bd \u03c5\u03c0\u03b7\u03c1\u03b5\u03c3\u03b9\u03ce\u03bd \u03c0\u03bf\u03c5 \u03c0\u03b1\u03c1\u03ad\u03c7\u03bf\u03bd\u03c4\u03b1\u03b9 \u03bc\u03ad\u03c3\u03c9 \u03b1\u03c5\u03c4\u03bf\u03cd.<\/p>","protected":false},"author":1,"featured_media":0,"parent":0,"menu_order":0,"comment_status":"closed","ping_status":"closed","template":"","meta":{"footnotes":""},"class_list":["post-19530","page","type-page","status-publish","hentry"],"yoast_head":"<!-- This site is optimized with the Yoast SEO plugin v25.1 - https:\/\/yoast.com\/wordpress\/plugins\/seo\/ -->\n<title>\u038c\u03c1\u03bf\u03b9 \u03a7\u03c1\u03ae\u03c3\u03b7\u03c2 - KDgymbar<\/title>\n<meta name=\"robots\" content=\"index, follow, max-snippet:-1, max-image-preview:large, max-video-preview:-1\" \/>\n<link rel=\"canonical\" href=\"https:\/\/kdgymbar.gr\/de\/\u03cc\u03c1\u03bf\u03b9-\u03c7\u03c1\u03ae\u03c3\u03b7\u03c2\/\" \/>\n<meta property=\"og:locale\" content=\"de_DE\" \/>\n<meta property=\"og:type\" content=\"article\" \/>\n<meta property=\"og:title\" content=\"\u038c\u03c1\u03bf\u03b9 \u03a7\u03c1\u03ae\u03c3\u03b7\u03c2 - KDgymbar\" \/>\n<meta property=\"og:description\" content=\"\u038c\u03c1\u03bf\u03b9 \u03c7\u03c1\u03ae\u03c3\u03b7\u03c2 \u039f\u03b9 \u03c0\u03b1\u03c1\u03cc\u03bd\u03c4\u03b5\u03c2 \u03cc\u03c1\u03bf\u03b9 \u03c7\u03c1\u03ae\u03c3\u03b7\u03c2 (&#8220;\u038c\u03c1\u03bf\u03b9&#8221;) \u03b4\u03b9\u03ad\u03c0\u03bf\u03c5\u03bd \u03c4\u03b7 \u03c7\u03c1\u03ae\u03c3\u03b7 \u03c4\u03bf\u03c5 \u03b9\u03c3\u03c4\u03bf\u03c4\u03cc\u03c0\u03bf\u03c5\u00a0 KDgymbar.gr \u03ba\u03b1\u03b9 \u03c4\u03c9\u03bd \u03c5\u03c0\u03b7\u03c1\u03b5\u03c3\u03b9\u03ce\u03bd \u03c0\u03bf\u03c5 \u03c0\u03b1\u03c1\u03ad\u03c7\u03bf\u03bd\u03c4\u03b1\u03b9 \u03bc\u03ad\u03c3\u03c9 \u03b1\u03c5\u03c4\u03bf\u03cd.\" \/>\n<meta property=\"og:url\" content=\"https:\/\/kdgymbar.gr\/de\/\u03cc\u03c1\u03bf\u03b9-\u03c7\u03c1\u03ae\u03c3\u03b7\u03c2\/\" \/>\n<meta property=\"og:site_name\" content=\"KDgymbar\" \/>\n<meta property=\"article:modified_time\" content=\"2025-04-07T13:57:28+00:00\" \/>\n<meta property=\"og:image\" content=\"https:\/\/kdgymbar.gr\/wp-content\/uploads\/2025\/01\/logo-kd.png\" \/>\n\t<meta property=\"og:image:width\" content=\"696\" \/>\n\t<meta property=\"og:image:height\" content=\"696\" \/>\n\t<meta property=\"og:image:type\" content=\"image\/png\" \/>\n<meta name=\"twitter:card\" content=\"summary_large_image\" \/>\n<meta name=\"twitter:label1\" content=\"Gesch\u00e4tzte Lesezeit\" \/>\n\t<meta name=\"twitter:data1\" content=\"5\u00a0Minuten\" \/>\n<script type=\"application\/ld+json\" class=\"yoast-schema-graph\">{\"@context\":\"https:\/\/schema.org\",\"@graph\":[{\"@type\":\"WebPage\",\"@id\":\"https:\/\/kdgymbar.gr\/%cf%8c%cf%81%ce%bf%ce%b9-%cf%87%cf%81%ce%ae%cf%83%ce%b7%cf%82\/\",\"url\":\"https:\/\/kdgymbar.gr\/%cf%8c%cf%81%ce%bf%ce%b9-%cf%87%cf%81%ce%ae%cf%83%ce%b7%cf%82\/\",\"name\":\"\u038c\u03c1\u03bf\u03b9 \u03a7\u03c1\u03ae\u03c3\u03b7\u03c2 - KDgymbar\",\"isPartOf\":{\"@id\":\"https:\/\/kdgymbar.gr\/#website\"},\"datePublished\":\"2025-04-07T13:31:37+00:00\",\"dateModified\":\"2025-04-07T13:57:28+00:00\",\"breadcrumb\":{\"@id\":\"https:\/\/kdgymbar.gr\/%cf%8c%cf%81%ce%bf%ce%b9-%cf%87%cf%81%ce%ae%cf%83%ce%b7%cf%82\/#breadcrumb\"},\"inLanguage\":\"de\",\"potentialAction\":[{\"@type\":\"ReadAction\",\"target\":[\"https:\/\/kdgymbar.gr\/%cf%8c%cf%81%ce%bf%ce%b9-%cf%87%cf%81%ce%ae%cf%83%ce%b7%cf%82\/\"]}]},{\"@type\":\"BreadcrumbList\",\"@id\":\"https:\/\/kdgymbar.gr\/%cf%8c%cf%81%ce%bf%ce%b9-%cf%87%cf%81%ce%ae%cf%83%ce%b7%cf%82\/#breadcrumb\",\"itemListElement\":[{\"@type\":\"ListItem\",\"position\":1,\"name\":\"\u0391\u03c1\u03c7\u03b9\u03ba\u03ae\",\"item\":\"https:\/\/kdgymbar.gr\/\"},{\"@type\":\"ListItem\",\"position\":2,\"name\":\"\u038c\u03c1\u03bf\u03b9 \u03a7\u03c1\u03ae\u03c3\u03b7\u03c2\"}]},{\"@type\":\"WebSite\",\"@id\":\"https:\/\/kdgymbar.gr\/#website\",\"url\":\"https:\/\/kdgymbar.gr\/\",\"name\":\"KDGYMBAR\",\"description\":\"fitness products\",\"publisher\":{\"@id\":\"https:\/\/kdgymbar.gr\/#organization\"},\"alternateName\":\"fitness products\",\"potentialAction\":[{\"@type\":\"SearchAction\",\"target\":{\"@type\":\"EntryPoint\",\"urlTemplate\":\"https:\/\/kdgymbar.gr\/?s={search_term_string}\"},\"query-input\":{\"@type\":\"PropertyValueSpecification\",\"valueRequired\":true,\"valueName\":\"search_term_string\"}}],\"inLanguage\":\"de\"},{\"@type\":\"Organization\",\"@id\":\"https:\/\/kdgymbar.gr\/#organization\",\"name\":\"kdgymbar\",\"alternateName\":\"fitness products\",\"url\":\"https:\/\/kdgymbar.gr\/\",\"logo\":{\"@type\":\"ImageObject\",\"inLanguage\":\"de\",\"@id\":\"https:\/\/kdgymbar.gr\/#\/schema\/logo\/image\/\",\"url\":\"https:\/\/kdgymbar.gr\/wp-content\/uploads\/2025\/01\/logo-kd.png\",\"contentUrl\":\"https:\/\/kdgymbar.gr\/wp-content\/uploads\/2025\/01\/logo-kd.png\",\"width\":696,\"height\":696,\"caption\":\"kdgymbar\"},\"image\":{\"@id\":\"https:\/\/kdgymbar.gr\/#\/schema\/logo\/image\/\"},\"sameAs\":[\"https:\/\/www.instagram.com\/srt_fitness_?igsh=b3d6cDQ0NnNtamw2\",\"https:\/\/www.youtube.com\/@kdgymbar\",\"https:\/\/www.tiktok.com\/@kdgymbar\"]}]}<\/script>\n<!-- \/ Yoast SEO plugin. -->","yoast_head_json":{"title":"\u038c\u03c1\u03bf\u03b9 \u03a7\u03c1\u03ae\u03c3\u03b7\u03c2 - KDgymbar","robots":{"index":"index","follow":"follow","max-snippet":"max-snippet:-1","max-image-preview":"max-image-preview:large","max-video-preview":"max-video-preview:-1"},"canonical":"https:\/\/kdgymbar.gr\/de\/\u03cc\u03c1\u03bf\u03b9-\u03c7\u03c1\u03ae\u03c3\u03b7\u03c2\/","og_locale":"de_DE","og_type":"article","og_title":"\u038c\u03c1\u03bf\u03b9 \u03a7\u03c1\u03ae\u03c3\u03b7\u03c2 - KDgymbar","og_description":"\u038c\u03c1\u03bf\u03b9 \u03c7\u03c1\u03ae\u03c3\u03b7\u03c2 \u039f\u03b9 \u03c0\u03b1\u03c1\u03cc\u03bd\u03c4\u03b5\u03c2 \u03cc\u03c1\u03bf\u03b9 \u03c7\u03c1\u03ae\u03c3\u03b7\u03c2 (&#8220;\u038c\u03c1\u03bf\u03b9&#8221;) \u03b4\u03b9\u03ad\u03c0\u03bf\u03c5\u03bd \u03c4\u03b7 \u03c7\u03c1\u03ae\u03c3\u03b7 \u03c4\u03bf\u03c5 \u03b9\u03c3\u03c4\u03bf\u03c4\u03cc\u03c0\u03bf\u03c5\u00a0 KDgymbar.gr \u03ba\u03b1\u03b9 \u03c4\u03c9\u03bd \u03c5\u03c0\u03b7\u03c1\u03b5\u03c3\u03b9\u03ce\u03bd \u03c0\u03bf\u03c5 \u03c0\u03b1\u03c1\u03ad\u03c7\u03bf\u03bd\u03c4\u03b1\u03b9 \u03bc\u03ad\u03c3\u03c9 \u03b1\u03c5\u03c4\u03bf\u03cd.","og_url":"https:\/\/kdgymbar.gr\/de\/\u03cc\u03c1\u03bf\u03b9-\u03c7\u03c1\u03ae\u03c3\u03b7\u03c2\/","og_site_name":"KDgymbar","article_modified_time":"2025-04-07T13:57:28+00:00","og_image":[{"width":696,"height":696,"url":"https:\/\/kdgymbar.gr\/wp-content\/uploads\/2025\/01\/logo-kd.png","type":"image\/png"}],"twitter_card":"summary_large_image","twitter_misc":{"Gesch\u00e4tzte Lesezeit":"5\u00a0Minuten"},"schema":{"@context":"https:\/\/schema.org","@graph":[{"@type":"WebPage","@id":"https:\/\/kdgymbar.gr\/%cf%8c%cf%81%ce%bf%ce%b9-%cf%87%cf%81%ce%ae%cf%83%ce%b7%cf%82\/","url":"https:\/\/kdgymbar.gr\/%cf%8c%cf%81%ce%bf%ce%b9-%cf%87%cf%81%ce%ae%cf%83%ce%b7%cf%82\/","name":"\u038c\u03c1\u03bf\u03b9 \u03a7\u03c1\u03ae\u03c3\u03b7\u03c2 - KDgymbar","isPartOf":{"@id":"https:\/\/kdgymbar.gr\/#website"},"datePublished":"2025-04-07T13:31:37+00:00","dateModified":"2025-04-07T13:57:28+00:00","breadcrumb":{"@id":"https:\/\/kdgymbar.gr\/%cf%8c%cf%81%ce%bf%ce%b9-%cf%87%cf%81%ce%ae%cf%83%ce%b7%cf%82\/#breadcrumb"},"inLanguage":"de","potentialAction":[{"@type":"ReadAction","target":["https:\/\/kdgymbar.gr\/%cf%8c%cf%81%ce%bf%ce%b9-%cf%87%cf%81%ce%ae%cf%83%ce%b7%cf%82\/"]}]},{"@type":"BreadcrumbList","@id":"https:\/\/kdgymbar.gr\/%cf%8c%cf%81%ce%bf%ce%b9-%cf%87%cf%81%ce%ae%cf%83%ce%b7%cf%82\/#breadcrumb","itemListElement":[{"@type":"ListItem","position":1,"name":"\u0391\u03c1\u03c7\u03b9\u03ba\u03ae","item":"https:\/\/kdgymbar.gr\/"},{"@type":"ListItem","position":2,"name":"\u038c\u03c1\u03bf\u03b9 \u03a7\u03c1\u03ae\u03c3\u03b7\u03c2"}]},{"@type":"WebSite","@id":"https:\/\/kdgymbar.gr\/#website","url":"https:\/\/kdgymbar.gr\/","name":"KDGYMBAR","description":"fitness products","publisher":{"@id":"https:\/\/kdgymbar.gr\/#organization"},"alternateName":"fitness products","potentialAction":[{"@type":"SearchAction","target":{"@type":"EntryPoint","urlTemplate":"https:\/\/kdgymbar.gr\/?s={search_term_string}"},"query-input":{"@type":"PropertyValueSpecification","valueRequired":true,"valueName":"search_term_string"}}],"inLanguage":"de"},{"@type":"Organization","@id":"https:\/\/kdgymbar.gr\/#organization","name":"kdgymbar","alternateName":"fitness products","url":"https:\/\/kdgymbar.gr\/","logo":{"@type":"ImageObject","inLanguage":"de","@id":"https:\/\/kdgymbar.gr\/#\/schema\/logo\/image\/","url":"https:\/\/kdgymbar.gr\/wp-content\/uploads\/2025\/01\/logo-kd.png","contentUrl":"https:\/\/kdgymbar.gr\/wp-content\/uploads\/2025\/01\/logo-kd.png","width":696,"height":696,"caption":"kdgymbar"},"image":{"@id":"https:\/\/kdgymbar.gr\/#\/schema\/logo\/image\/"},"sameAs":["https:\/\/www.instagram.com\/srt_fitness_?igsh=b3d6cDQ0NnNtamw2","https:\/\/www.youtube.com\/@kdgymbar","https:\/\/www.tiktok.com\/@kdgymbar"]}]}},"_links":{"self":[{"href":"https:\/\/kdgymbar.gr\/de\/wp-json\/wp\/v2\/pages\/19530","targetHints":{"allow":["GET"]}}],"collection":[{"href":"https:\/\/kdgymbar.gr\/de\/wp-json\/wp\/v2\/pages"}],"about":[{"href":"https:\/\/kdgymbar.gr\/de\/wp-json\/wp\/v2\/types\/page"}],"author":[{"embeddable":true,"href":"https:\/\/kdgymbar.gr\/de\/wp-json\/wp\/v2\/users\/1"}],"replies":[{"embeddable":true,"href":"https:\/\/kdgymbar.gr\/de\/wp-json\/wp\/v2\/comments?post=19530"}],"version-history":[{"count":7,"href":"https:\/\/kdgymbar.gr\/de\/wp-json\/wp\/v2\/pages\/19530\/revisions"}],"predecessor-version":[{"id":19541,"href":"https:\/\/kdgymbar.gr\/de\/wp-json\/wp\/v2\/pages\/19530\/revisions\/19541"}],"wp:attachment":[{"href":"https:\/\/kdgymbar.gr\/de\/wp-json\/wp\/v2\/media?parent=19530"}],"curies":[{"name":"wp","href":"https:\/\/api.w.org\/{rel}","templated":true}]}}