{"id":18618,"date":"2024-12-18T12:54:54","date_gmt":"2024-12-18T12:54:54","guid":{"rendered":"https:\/\/kdgymbar.gr\/?page_id=18618"},"modified":"2025-04-09T07:46:18","modified_gmt":"2025-04-09T07:46:18","slug":"warranty","status":"publish","type":"page","link":"https:\/\/kdgymbar.gr\/de\/warranty\/","title":{"rendered":"Garantie"},"content":{"rendered":"<div data-elementor-type=\"wp-page\" data-elementor-id=\"18618\" class=\"elementor elementor-18618\">\n\t\t\t\t\t\t<section class=\"elementor-section elementor-top-section elementor-element elementor-element-42fc18a9 elementor-section-boxed elementor-section-height-default elementor-section-height-default\" data-id=\"42fc18a9\" data-element_type=\"section\">\n\t\t\t\t\t\t<div class=\"elementor-container elementor-column-gap-default\">\n\t\t\t\t\t<div class=\"elementor-column elementor-col-100 elementor-top-column elementor-element elementor-element-132f5d13\" data-id=\"132f5d13\" data-element_type=\"column\">\n\t\t\t<div class=\"elementor-widget-wrap elementor-element-populated\">\n\t\t\t\t\t\t<div class=\"elementor-element elementor-element-7fe07ac9 wd-width-100 elementor-widget elementor-widget-wd_title\" data-id=\"7fe07ac9\" data-element_type=\"widget\" data-widget_type=\"wd_title.default\">\n\t\t\t\t<div class=\"elementor-widget-container\">\n\t\t\t\t\t\t\t<div class=\"title-wrapper wd-set-mb reset-last-child wd-title-color-default wd-title-style-default wd-title-size-extra-large text-left\">\n\n\t\t\t\n\t\t\t<div class=\"liner-continer\">\n\t\t\t\t<h4 class=\"woodmart-title-container title wd-fontsize-xxxl\">R\u00fcckgaben<\/h4> \n\t\t\t\t\t\t\t<\/div>\n\n\t\t\t\t\t<\/div>\n\t\t\t\t\t\t<\/div>\n\t\t\t\t<\/div>\n\t\t\t\t<div class=\"elementor-element elementor-element-648ce75 elementor-widget elementor-widget-wd_text_block\" data-id=\"648ce75\" data-element_type=\"widget\" data-widget_type=\"wd_text_block.default\">\n\t\t\t\t<div class=\"elementor-widget-container\">\n\t\t\t\t\t\t\t<div class=\"wd-text-block reset-last-child text-left\">\n\t\t\t\n\t\t\t<p>Bei KDgymbar m\u00f6chten wir sicherstellen, dass Sie mit Ihrem Kauf vollst\u00e4ndig zufrieden sind. Wenn Sie aus irgendeinem Grund mit dem erhaltenen Produkt nicht zufrieden sind, lesen Sie bitte sorgf\u00e4ltig die folgende R\u00fcckgabebestimmung.<\/p><p><strong>Widerrufsrecht<\/strong><\/p><p>Sie haben das Recht, Ihr Produkt innerhalb von 10 Tagen ab dem Erhalt zur\u00fcckzugeben. Die R\u00fcckgabe gilt f\u00fcr alle Produkte unseres Shops, sofern nicht f\u00fcr bestimmte Produktkategorien (z.\u202fB. Produkte, die nach Bestellung gefertigt werden) anders geregelt ist.<\/p><p><strong>R\u00fcckgabebedingungen<\/strong><\/p><p>Damit die R\u00fcckgabe eines Produkts akzeptiert wird, stellen Sie bitte sicher, dass die folgenden Bedingungen erf\u00fcllt sind:<\/p><ul><li>Das Produkt muss unbenutzt, im Originalzustand und ohne Besch\u00e4digungen sein.<\/li><li>Das Produkt muss in der Originalverpackung sowie mit allen Begleitdokumenten (z.\u202fB. Kaufbeleg, Produktkarte usw.) zur\u00fcckgesendet werden.<\/li><li>Ge\u00f6ffnete oder benutzte Produkte werden nicht zur R\u00fcckgabe akzeptiert.<\/li><li>Falls wir das Produkt zur\u00fcckerhalten und keine sichtbaren Sch\u00e4den festgestellt werden, wird das Produkt auf Kosten des Kunden zur\u00fcckgesendet. Nach Ablauf der 10 Tage ist kein Umtausch mehr m\u00f6glich und der Kunde hat keinen Anspruch auf Entsch\u00e4digung.<\/li><\/ul><p><strong>R\u00fccksendekosten<\/strong><\/p><p>Die R\u00fccksendekosten tr\u00e4gt der Kunde, es sei denn, das erhaltene Produkt ist fehlerhaft oder falsch geliefert worden. In diesem Fall \u00fcbernehmen wir die Kosten f\u00fcr die R\u00fccksendung und den Versand des korrekten Produkts ohne zus\u00e4tzliche Geb\u00fchren.<\/p><p><strong>R\u00fcckerstattung<\/strong><\/p><p>Nach Erhalt und \u00dcberpr\u00fcfung des zur\u00fcckgesendeten Produkts bearbeiten wir die R\u00fcckerstattung. Die R\u00fcckzahlung erfolgt \u00fcber die gleiche Zahlungsmethode, die Sie bei der Bestellung verwendet haben, sofern nichts anderes vereinbart wurde. Der R\u00fcckerstattungsprozess kann je nach gew\u00e4hlter Zahlungsmethode bis zu 10 Werktage dauern.<\/p><p><strong>Bestellstornierung<\/strong><\/p><p>Sie k\u00f6nnen Ihre Bestellung vor dem Versand stornieren, indem Sie umgehend Kontakt mit uns aufnehmen. Wenn Ihre Bestellung bereits versendet wurde, m\u00fcssen Sie den R\u00fcckgabeprozess gem\u00e4\u00df den oben beschriebenen Bedingungen durchlaufen.<\/p><p><strong>M\u00e4ngelr\u00fcge \/ Defekte Produkte<\/strong><\/p><p>Falls Sie das Produkt ge\u00f6ffnet haben und anschlie\u00dfend feststellen, dass es einen Mangel oder Schaden aufweist, informieren Sie uns bitte innerhalb von 10 Tagen per E-Mail an [info@kdgymbar.gr](mailto:info@kdgymbar.gr), damit wir es auf unsere Kosten austauschen k\u00f6nnen (nachdem Sie uns das mangelhafte Produkt zur\u00fcckgesendet haben). In diesem Fall \u00fcbernehmen wir die Versandkosten. Nach Ablauf der 10 Tage ist kein Umtausch mehr m\u00f6glich und der Kunde hat keinen Anspruch auf Entsch\u00e4digung.<\/p><p><strong>Produkte, die NICHT zur\u00fcckgegeben werden k\u00f6nnen<\/strong><\/p><p>Bei bestimmten Produkten ist eine R\u00fcckgabe nicht m\u00f6glich, wie zum Beispiel bei Produkten, die auf Bestellung gefertigt oder individuell angepasst wurden, sowie bei Produkten, die ge\u00f6ffnet wurden und sich nicht mehr in einwandfreiem Zustand befinden.<\/p><p><strong>Kontakt und Support<\/strong><\/p><p>\u0393\u03b9\u03b1 \u03bf\u03c0\u03bf\u03b9\u03b1\u03b4\u03ae\u03c0\u03bf\u03c4\u03b5 \u03b1\u03c0\u03bf\u03c1\u03af\u03b1 \u03ae \u03b2\u03bf\u03ae\u03b8\u03b5\u03b9\u03b1 \u03c3\u03c7\u03b5\u03c4\u03b9\u03ba\u03ac \u03bc\u03b5 \u03c4\u03b7\u03bd \u03b5\u03c0\u03b9\u03c3\u03c4\u03c1\u03bf\u03c6\u03ae \u03c0\u03c1\u03bf\u03ca\u03cc\u03bd\u03c4\u03c9\u03bd, \u03bc\u03c0\u03bf\u03c1\u03b5\u03af\u03c4\u03b5 \u03bd\u03b1 \u03b5\u03c0\u03b9\u03ba\u03bf\u03b9\u03bd\u03c9\u03bd\u03ae\u03c3\u03b5\u03c4\u03b5 \u03bc\u03b1\u03b6\u03af \u03bc\u03b1\u03c2 \u03bc\u03ad\u03c3\u03c9 email \u03c3\u03c4\u03bf info@kdgymbar.gr \u03ae \u03c4\u03b7\u03bb\u03b5\u03c6\u03c9\u03bd\u03b9\u03ba\u03ac \u03c3\u03c4\u03bf 2310 660299. \u0397 \u03bf\u03bc\u03ac\u03b4\u03b1 \u03bc\u03b1\u03c2 \u03b5\u03af\u03bd\u03b1\u03b9 \u03b4\u03b9\u03b1\u03b8\u03ad\u03c3\u03b9\u03bc\u03b7 \u03bd\u03b1 \u03c3\u03b1\u03c2 \u03b2\u03bf\u03b7\u03b8\u03ae\u03c3\u03b5\u03b9 \u03ba\u03b1\u03b9 \u03bd\u03b1 \u03b5\u03be\u03b1\u03c3\u03c6\u03b1\u03bb\u03af\u03c3\u03b5\u03b9 \u03c4\u03b7\u03bd \u03ba\u03b1\u03bb\u03cd\u03c4\u03b5\u03c1\u03b7 \u03b5\u03be\u03c5\u03c0\u03b7\u03c1\u03ad\u03c4\u03b7\u03c3\u03b7.<\/p>\n\t\t\t\t\t<\/div>\n\t\t\t\t\t\t<\/div>\n\t\t\t\t<\/div>\n\t\t\t\t<div class=\"elementor-element elementor-element-2b8ad3ec elementor-hidden-tablet elementor-hidden-mobile elementor-widget elementor-widget-wd_text_block\" data-id=\"2b8ad3ec\" data-element_type=\"widget\" data-widget_type=\"wd_text_block.default\">\n\t\t\t\t<div class=\"elementor-widget-container\">\n\t\t\t\t\t\t\t<div class=\"wd-text-block reset-last-child text-left\">\n\t\t\t\n\t\t\t\n\t\t\t\t\t<\/div>\n\t\t\t\t\t\t<\/div>\n\t\t\t\t<\/div>\n\t\t\t\t\t<\/div>\n\t\t<\/div>\n\t\t\t\t\t<\/div>\n\t\t<\/section>\n\t\t\t\t<section class=\"elementor-section elementor-top-section elementor-element elementor-element-797546f elementor-section-boxed elementor-section-height-default elementor-section-height-default\" data-id=\"797546f\" data-element_type=\"section\">\n\t\t\t\t\t\t<div class=\"elementor-container elementor-column-gap-default\">\n\t\t\t\t\t<div class=\"elementor-column elementor-col-100 elementor-top-column elementor-element elementor-element-2b7b147\" data-id=\"2b7b147\" data-element_type=\"column\">\n\t\t\t<div class=\"elementor-widget-wrap elementor-element-populated\">\n\t\t\t\t\t\t<div class=\"elementor-element elementor-element-2d61434 wd-width-100 elementor-widget elementor-widget-wd_title\" data-id=\"2d61434\" data-element_type=\"widget\" data-widget_type=\"wd_title.default\">\n\t\t\t\t<div class=\"elementor-widget-container\">\n\t\t\t\t\t\t\t<div class=\"title-wrapper wd-set-mb reset-last-child wd-title-color-default wd-title-style-default wd-title-size-extra-large text-left\">\n\n\t\t\t\n\t\t\t<div class=\"liner-continer\">\n\t\t\t\t<h4 class=\"woodmart-title-container title wd-fontsize-xxxl\">Garantie<\/h4> \n\t\t\t\t\t\t\t<\/div>\n\n\t\t\t\t\t<\/div>\n\t\t\t\t\t\t<\/div>\n\t\t\t\t<\/div>\n\t\t\t\t<div class=\"elementor-element elementor-element-c7b7341 elementor-hidden-tablet elementor-hidden-mobile elementor-widget elementor-widget-wd_text_block\" data-id=\"c7b7341\" data-element_type=\"widget\" data-widget_type=\"wd_text_block.default\">\n\t\t\t\t<div class=\"elementor-widget-container\">\n\t\t\t\t\t\t\t<div class=\"wd-text-block reset-last-child text-left\">\n\t\t\t\n\t\t\t\n\t\t\t\t\t<\/div>\n\t\t\t\t\t\t<\/div>\n\t\t\t\t<\/div>\n\t\t\t\t<div class=\"elementor-element elementor-element-79d63d2 color-scheme-inherit text-left elementor-widget elementor-widget-text-editor\" data-id=\"79d63d2\" data-element_type=\"widget\" data-widget_type=\"text-editor.default\">\n\t\t\t\t<div class=\"elementor-widget-container\">\n\t\t\t\t\t\t\t\t\tAlle Produkte unseres Unternehmens sind mit einer 18-monatigen Garantie ausgestattet. Die Garantiezeit beginnt ab dem Erhalt des Produkts durch den Verbraucher. Die Garantie gilt nicht, wenn der Schaden durch unsachgem\u00e4\u00dfe Verwendung oder mangelhafte Pflege der Produkte durch den Verbraucher verursacht wurde. Sollte innerhalb der Garantiezeit ein Problem mit einem Produkt auftreten, muss der Verbraucher uns per E-Mail an [info@kdgymbar.gr](mailto:info@kdgymbar.gr) oder telefonisch unter 2310 660 299 informieren.\n\n<p>Im Falle von M\u00e4ngeln ist unser Unternehmen verpflichtet, innerhalb von 30 Werktagen eine Reparatur des defekten Teils oder Abschnitts durchzuf\u00fchren, jedoch nicht des gesamten Produkts, es sei denn, eine Reparatur ist nicht m\u00f6glich. In diesem Fall ist das Unternehmen verpflichtet, das Produkt innerhalb einer Frist von 90 Werktagen vollst\u00e4ndig zu ersetzen, nachdem eine \u00dcberpr\u00fcfung durch unser Unternehmen erfolgt ist. Das Unternehmen \u00fcbernimmt keine Haftung f\u00fcr M\u00e4ngel, die durch unsachgem\u00e4\u00dfe Verwendung oder Pflege durch den Kunden verursacht wurden.\t\t\t\t\t\t\t\t<\/div>\n\t\t\t\t<\/div>\n\t\t\t\t\t<\/div>\n\t\t<\/div>\n\t\t\t\t\t<\/div>\n\t\t<\/section>\n\t\t\t\t<\/div>","protected":false},"excerpt":{"rendered":"<p>\u0395\u03c0\u03b9\u03c3\u03c4\u03c1\u03bf\u03c6\u03ad\u03c2 \u03a3\u03c4\u03b7\u03bd KDgymbar , \u03b5\u03c0\u03b9\u03b8\u03c5\u03bc\u03bf\u03cd\u03bc\u03b5 \u03bd\u03b1 \u03b4\u03b9\u03b1\u03c3\u03c6\u03b1\u03bb\u03af\u03c3\u03bf\u03c5\u03bc\u03b5 \u03c4\u03b7\u03bd \u03c0\u03bb\u03ae\u03c1\u03b7 \u03b9\u03ba\u03b1\u03bd\u03bf\u03c0\u03bf\u03af\u03b7\u03c3\u03b7 \u03c3\u03b1\u03c2 \u03bc\u03b5 \u03c4\u03b7\u03bd \u03b1\u03b3\u03bf\u03c1\u03ac \u03c3\u03b1\u03c2. \u0391\u03bd \u03b3\u03b9\u03b1 \u03bf\u03c0\u03bf\u03b9\u03bf\u03bd\u03b4\u03ae\u03c0\u03bf\u03c4\u03b5 \u03bb\u03cc\u03b3\u03bf \u03b4\u03b5\u03bd<\/p>","protected":false},"author":1,"featured_media":0,"parent":0,"menu_order":0,"comment_status":"closed","ping_status":"closed","template":"","meta":{"footnotes":""},"class_list":["post-18618","page","type-page","status-publish","hentry"],"yoast_head":"<!-- This site is optimized with the Yoast SEO plugin v25.1 - https:\/\/yoast.com\/wordpress\/plugins\/seo\/ -->\n<title>\u0395\u03b3\u03b3\u03cd\u03b7\u03c3\u03b7 - KDgymbar<\/title>\n<meta name=\"robots\" content=\"index, follow, max-snippet:-1, max-image-preview:large, max-video-preview:-1\" \/>\n<link rel=\"canonical\" href=\"https:\/\/kdgymbar.gr\/de\/warranty\/\" \/>\n<meta property=\"og:locale\" content=\"de_DE\" \/>\n<meta property=\"og:type\" content=\"article\" \/>\n<meta property=\"og:title\" content=\"\u0395\u03b3\u03b3\u03cd\u03b7\u03c3\u03b7 - KDgymbar\" \/>\n<meta property=\"og:description\" content=\"\u0395\u03c0\u03b9\u03c3\u03c4\u03c1\u03bf\u03c6\u03ad\u03c2 \u03a3\u03c4\u03b7\u03bd KDgymbar , \u03b5\u03c0\u03b9\u03b8\u03c5\u03bc\u03bf\u03cd\u03bc\u03b5 \u03bd\u03b1 \u03b4\u03b9\u03b1\u03c3\u03c6\u03b1\u03bb\u03af\u03c3\u03bf\u03c5\u03bc\u03b5 \u03c4\u03b7\u03bd \u03c0\u03bb\u03ae\u03c1\u03b7 \u03b9\u03ba\u03b1\u03bd\u03bf\u03c0\u03bf\u03af\u03b7\u03c3\u03b7 \u03c3\u03b1\u03c2 \u03bc\u03b5 \u03c4\u03b7\u03bd \u03b1\u03b3\u03bf\u03c1\u03ac \u03c3\u03b1\u03c2. \u0391\u03bd \u03b3\u03b9\u03b1 \u03bf\u03c0\u03bf\u03b9\u03bf\u03bd\u03b4\u03ae\u03c0\u03bf\u03c4\u03b5 \u03bb\u03cc\u03b3\u03bf \u03b4\u03b5\u03bd\" \/>\n<meta property=\"og:url\" content=\"https:\/\/kdgymbar.gr\/de\/warranty\/\" \/>\n<meta property=\"og:site_name\" content=\"KDgymbar\" \/>\n<meta property=\"article:modified_time\" content=\"2025-04-09T07:46:18+00:00\" \/>\n<meta property=\"og:image\" content=\"https:\/\/kdgymbar.gr\/wp-content\/uploads\/2025\/01\/logo-kd.png\" \/>\n\t<meta property=\"og:image:width\" content=\"696\" \/>\n\t<meta property=\"og:image:height\" content=\"696\" \/>\n\t<meta property=\"og:image:type\" content=\"image\/png\" \/>\n<meta name=\"twitter:card\" content=\"summary_large_image\" \/>\n<meta name=\"twitter:label1\" content=\"Gesch\u00e4tzte Lesezeit\" \/>\n\t<meta name=\"twitter:data1\" content=\"4\u00a0Minuten\" \/>\n<script type=\"application\/ld+json\" class=\"yoast-schema-graph\">{\"@context\":\"https:\/\/schema.org\",\"@graph\":[{\"@type\":\"WebPage\",\"@id\":\"https:\/\/kdgymbar.gr\/warranty\/\",\"url\":\"https:\/\/kdgymbar.gr\/warranty\/\",\"name\":\"\u0395\u03b3\u03b3\u03cd\u03b7\u03c3\u03b7 - KDgymbar\",\"isPartOf\":{\"@id\":\"https:\/\/kdgymbar.gr\/#website\"},\"datePublished\":\"2024-12-18T12:54:54+00:00\",\"dateModified\":\"2025-04-09T07:46:18+00:00\",\"breadcrumb\":{\"@id\":\"https:\/\/kdgymbar.gr\/warranty\/#breadcrumb\"},\"inLanguage\":\"de\",\"potentialAction\":[{\"@type\":\"ReadAction\",\"target\":[\"https:\/\/kdgymbar.gr\/warranty\/\"]}]},{\"@type\":\"BreadcrumbList\",\"@id\":\"https:\/\/kdgymbar.gr\/warranty\/#breadcrumb\",\"itemListElement\":[{\"@type\":\"ListItem\",\"position\":1,\"name\":\"\u0391\u03c1\u03c7\u03b9\u03ba\u03ae\",\"item\":\"https:\/\/kdgymbar.gr\/\"},{\"@type\":\"ListItem\",\"position\":2,\"name\":\"\u0395\u03b3\u03b3\u03cd\u03b7\u03c3\u03b7\"}]},{\"@type\":\"WebSite\",\"@id\":\"https:\/\/kdgymbar.gr\/#website\",\"url\":\"https:\/\/kdgymbar.gr\/\",\"name\":\"KDGYMBAR\",\"description\":\"fitness products\",\"publisher\":{\"@id\":\"https:\/\/kdgymbar.gr\/#organization\"},\"alternateName\":\"fitness products\",\"potentialAction\":[{\"@type\":\"SearchAction\",\"target\":{\"@type\":\"EntryPoint\",\"urlTemplate\":\"https:\/\/kdgymbar.gr\/?s={search_term_string}\"},\"query-input\":{\"@type\":\"PropertyValueSpecification\",\"valueRequired\":true,\"valueName\":\"search_term_string\"}}],\"inLanguage\":\"de\"},{\"@type\":\"Organization\",\"@id\":\"https:\/\/kdgymbar.gr\/#organization\",\"name\":\"kdgymbar\",\"alternateName\":\"fitness products\",\"url\":\"https:\/\/kdgymbar.gr\/\",\"logo\":{\"@type\":\"ImageObject\",\"inLanguage\":\"de\",\"@id\":\"https:\/\/kdgymbar.gr\/#\/schema\/logo\/image\/\",\"url\":\"https:\/\/kdgymbar.gr\/wp-content\/uploads\/2025\/01\/logo-kd.png\",\"contentUrl\":\"https:\/\/kdgymbar.gr\/wp-content\/uploads\/2025\/01\/logo-kd.png\",\"width\":696,\"height\":696,\"caption\":\"kdgymbar\"},\"image\":{\"@id\":\"https:\/\/kdgymbar.gr\/#\/schema\/logo\/image\/\"},\"sameAs\":[\"https:\/\/www.instagram.com\/srt_fitness_?igsh=b3d6cDQ0NnNtamw2\",\"https:\/\/www.youtube.com\/@kdgymbar\",\"https:\/\/www.tiktok.com\/@kdgymbar\"]}]}<\/script>\n<!-- \/ Yoast SEO plugin. -->","yoast_head_json":{"title":"\u0395\u03b3\u03b3\u03cd\u03b7\u03c3\u03b7 - KDgymbar","robots":{"index":"index","follow":"follow","max-snippet":"max-snippet:-1","max-image-preview":"max-image-preview:large","max-video-preview":"max-video-preview:-1"},"canonical":"https:\/\/kdgymbar.gr\/de\/warranty\/","og_locale":"de_DE","og_type":"article","og_title":"\u0395\u03b3\u03b3\u03cd\u03b7\u03c3\u03b7 - KDgymbar","og_description":"\u0395\u03c0\u03b9\u03c3\u03c4\u03c1\u03bf\u03c6\u03ad\u03c2 \u03a3\u03c4\u03b7\u03bd KDgymbar , \u03b5\u03c0\u03b9\u03b8\u03c5\u03bc\u03bf\u03cd\u03bc\u03b5 \u03bd\u03b1 \u03b4\u03b9\u03b1\u03c3\u03c6\u03b1\u03bb\u03af\u03c3\u03bf\u03c5\u03bc\u03b5 \u03c4\u03b7\u03bd \u03c0\u03bb\u03ae\u03c1\u03b7 \u03b9\u03ba\u03b1\u03bd\u03bf\u03c0\u03bf\u03af\u03b7\u03c3\u03b7 \u03c3\u03b1\u03c2 \u03bc\u03b5 \u03c4\u03b7\u03bd \u03b1\u03b3\u03bf\u03c1\u03ac \u03c3\u03b1\u03c2. \u0391\u03bd \u03b3\u03b9\u03b1 \u03bf\u03c0\u03bf\u03b9\u03bf\u03bd\u03b4\u03ae\u03c0\u03bf\u03c4\u03b5 \u03bb\u03cc\u03b3\u03bf \u03b4\u03b5\u03bd","og_url":"https:\/\/kdgymbar.gr\/de\/warranty\/","og_site_name":"KDgymbar","article_modified_time":"2025-04-09T07:46:18+00:00","og_image":[{"width":696,"height":696,"url":"https:\/\/kdgymbar.gr\/wp-content\/uploads\/2025\/01\/logo-kd.png","type":"image\/png"}],"twitter_card":"summary_large_image","twitter_misc":{"Gesch\u00e4tzte Lesezeit":"4\u00a0Minuten"},"schema":{"@context":"https:\/\/schema.org","@graph":[{"@type":"WebPage","@id":"https:\/\/kdgymbar.gr\/warranty\/","url":"https:\/\/kdgymbar.gr\/warranty\/","name":"\u0395\u03b3\u03b3\u03cd\u03b7\u03c3\u03b7 - KDgymbar","isPartOf":{"@id":"https:\/\/kdgymbar.gr\/#website"},"datePublished":"2024-12-18T12:54:54+00:00","dateModified":"2025-04-09T07:46:18+00:00","breadcrumb":{"@id":"https:\/\/kdgymbar.gr\/warranty\/#breadcrumb"},"inLanguage":"de","potentialAction":[{"@type":"ReadAction","target":["https:\/\/kdgymbar.gr\/warranty\/"]}]},{"@type":"BreadcrumbList","@id":"https:\/\/kdgymbar.gr\/warranty\/#breadcrumb","itemListElement":[{"@type":"ListItem","position":1,"name":"\u0391\u03c1\u03c7\u03b9\u03ba\u03ae","item":"https:\/\/kdgymbar.gr\/"},{"@type":"ListItem","position":2,"name":"\u0395\u03b3\u03b3\u03cd\u03b7\u03c3\u03b7"}]},{"@type":"WebSite","@id":"https:\/\/kdgymbar.gr\/#website","url":"https:\/\/kdgymbar.gr\/","name":"KDGYMBAR","description":"fitness products","publisher":{"@id":"https:\/\/kdgymbar.gr\/#organization"},"alternateName":"fitness products","potentialAction":[{"@type":"SearchAction","target":{"@type":"EntryPoint","urlTemplate":"https:\/\/kdgymbar.gr\/?s={search_term_string}"},"query-input":{"@type":"PropertyValueSpecification","valueRequired":true,"valueName":"search_term_string"}}],"inLanguage":"de"},{"@type":"Organization","@id":"https:\/\/kdgymbar.gr\/#organization","name":"kdgymbar","alternateName":"fitness products","url":"https:\/\/kdgymbar.gr\/","logo":{"@type":"ImageObject","inLanguage":"de","@id":"https:\/\/kdgymbar.gr\/#\/schema\/logo\/image\/","url":"https:\/\/kdgymbar.gr\/wp-content\/uploads\/2025\/01\/logo-kd.png","contentUrl":"https:\/\/kdgymbar.gr\/wp-content\/uploads\/2025\/01\/logo-kd.png","width":696,"height":696,"caption":"kdgymbar"},"image":{"@id":"https:\/\/kdgymbar.gr\/#\/schema\/logo\/image\/"},"sameAs":["https:\/\/www.instagram.com\/srt_fitness_?igsh=b3d6cDQ0NnNtamw2","https:\/\/www.youtube.com\/@kdgymbar","https:\/\/www.tiktok.com\/@kdgymbar"]}]}},"_links":{"self":[{"href":"https:\/\/kdgymbar.gr\/de\/wp-json\/wp\/v2\/pages\/18618","targetHints":{"allow":["GET"]}}],"collection":[{"href":"https:\/\/kdgymbar.gr\/de\/wp-json\/wp\/v2\/pages"}],"about":[{"href":"https:\/\/kdgymbar.gr\/de\/wp-json\/wp\/v2\/types\/page"}],"author":[{"embeddable":true,"href":"https:\/\/kdgymbar.gr\/de\/wp-json\/wp\/v2\/users\/1"}],"replies":[{"embeddable":true,"href":"https:\/\/kdgymbar.gr\/de\/wp-json\/wp\/v2\/comments?post=18618"}],"version-history":[{"count":7,"href":"https:\/\/kdgymbar.gr\/de\/wp-json\/wp\/v2\/pages\/18618\/revisions"}],"predecessor-version":[{"id":19577,"href":"https:\/\/kdgymbar.gr\/de\/wp-json\/wp\/v2\/pages\/18618\/revisions\/19577"}],"wp:attachment":[{"href":"https:\/\/kdgymbar.gr\/de\/wp-json\/wp\/v2\/media?parent=18618"}],"curies":[{"name":"wp","href":"https:\/\/api.w.org\/{rel}","templated":true}]}}